{"id":1060,"date":"2025-04-29T16:09:58","date_gmt":"2025-04-29T16:09:58","guid":{"rendered":"https:\/\/wicklowwebsite.multi.phpstg.com\/homepage\/"},"modified":"2025-06-18T13:43:40","modified_gmt":"2025-06-18T13:43:40","slug":"homepage","status":"publish","type":"page","link":"https:\/\/screenwicklow.ie\/ga\/","title":{"rendered":"Homepage"},"content":{"rendered":"\n  \n    <section class=\"text-section base-section full-height black\" id=\"section-01\">\n      <div class=\"container\">\n        <div class=\"row\">\n            <div class=\"col-12 col-lg-5 col-xl-6\" >\n    <div class=\"text-section__heading\">\n      <h2 class=\"text-section__heading--title\">\n        F\u00eds Chill<br>Mhant\u00e1in      <\/h2>\n                <\/div>\n  <\/div>\n                      <div class=\"col-12 col-lg-7 col-xl-6\" >\n                              <div class=\"text-section__text\">\n                  <p class=\"p1\"><span class=\"s1\">Is acmhainn \u00e9 Sc\u00e1ile\u00e1n\u00a0Wicklow do chomhlachta\u00ed l\u00e9iri\u00fach\u00e1in, ag tairiscint taca\u00edocht ar an l\u00e1thair maidir le l\u00e1ithreacha, rochtain agus ceadanna, chomh maith le heolas \u00e1iti\u00fail r\u00edth\u00e1bhachtach.<\/span><\/p>\n<p class=\"p1\"><span class=\"s1\">Is muidne an t-aon phointe teagmh\u00e1la do gach fiosr\u00fach\u00e1n scann\u00e1na\u00edochta i gContae Chill Mhant\u00e1in agus t\u00e1imid r\u00e9idh chun cabhr\u00fa le gach gn\u00e9 de do scann\u00e1n, sraith teilif\u00edse, f\u00f3gra n\u00f3 seisi\u00fan grianghrafad\u00f3ireachta a dh\u00e9anamh rath\u00fail.<\/span><\/p>\n                <\/div>\n                                            <div class=\"text-section__link-holder\">\n                  <a href=\"https:\/\/screenwicklow.ie\/ga\/about-us\/\" class=\"btn\"><span class=\"btn__text\"><span class=\"btn__text--holder\"><span data-title=\"Aimsigh Tuilleadh\"><span class=\"btn__text--content\">Aimsigh Tuilleadh<\/span><\/span><\/span><\/span><\/a>                <\/div>\n                                        <\/div>\n                  <\/div>\n      <\/div>\n    <\/section>\n  \n\n\n\n      <div class=\"visual-section full-height home-animation base-section reverse\" >\n              <div class=\"visual-section__background\">\n          <img loading=\"lazy\" decoding=\"async\" width=\"1912\" height=\"1300\" src=\"https:\/\/screenwicklow.ie\/wp-content\/uploads\/2025\/05\/guide.jpg\" class=\"img-cover\" alt=\"\" srcset=\"https:\/\/screenwicklow.ie\/wp-content\/uploads\/2025\/05\/guide.jpg 1912w, https:\/\/screenwicklow.ie\/wp-content\/uploads\/2025\/05\/guide-300x204.jpg 300w, https:\/\/screenwicklow.ie\/wp-content\/uploads\/2025\/05\/guide-1024x696.jpg 1024w, https:\/\/screenwicklow.ie\/wp-content\/uploads\/2025\/05\/guide-768x522.jpg 768w, https:\/\/screenwicklow.ie\/wp-content\/uploads\/2025\/05\/guide-1536x1044.jpg 1536w\" sizes=\"auto, (max-width: 1912px) 100vw, 1912px\" \/>        <\/div>\n            <div class=\"container\">\n        <div class=\"visual-section__layout\">\n                      <div class=\"visual-section__content\">\n                              <h2 class=\"visual-section__title\">\n                  Treoirl\u00ednte<br>Scann\u00e1na\u00edochta<br \/>\r\n                <\/h2>\n                            <div class=\"visual-section__description\">\n                                  <div class=\"visual-section__text\">\n                    An m\u00e9id at\u00e1 le d\u00e9anamh agus an bealach \u00e9 a dh\u00e9anamh.   Treoir maidir le do scann\u00e1n a dh\u00e9anamh i gCill Mhant\u00e1in.                   <\/div>\n                                                  <div class=\"visual-section__link-holder\">\n                                          <a href=\"https:\/\/screenwicklow.ie\/ga\/filming-guidelines\/\" class=\"btn\"><span class=\"btn__text\"><span class=\"btn__text--holder\"><span data-title=\"Aimsigh Tuilleadh\"><span class=\"btn__text--content\">Aimsigh Tuilleadh<\/span><\/span><\/span><\/span><\/a>                                                          <\/div>\n                              <\/div>\n            <\/div>\n                                <div class=\"media-block js-video-on-viewport\">\n              <div class=\"media-block__holder\">\n                <video loop muted playsinline>\n                  <source src=\"https:\/\/screenwicklow.ie\/wp-content\/uploads\/2025\/05\/8510f6e5a38f88e91ccf161ab2e461db19548895.mp4\" type=\"video\/mp4\">\n                  Your browser does not support the video tag.                <\/video>\n              <\/div>\n            <\/div>\n                  <\/div>\n      <\/div>\n    <\/div>\n  \n\n\n\n      <div class=\"visual-section full-height home-animation base-section reverse\" >\n              <div class=\"visual-section__background\">\n          <img loading=\"lazy\" decoding=\"async\" width=\"4000\" height=\"3600\" src=\"https:\/\/screenwicklow.ie\/wp-content\/uploads\/2025\/05\/Hollywood-alt.jpg\" class=\"img-cover\" alt=\"\" srcset=\"https:\/\/screenwicklow.ie\/wp-content\/uploads\/2025\/05\/Hollywood-alt.jpg 4000w, https:\/\/screenwicklow.ie\/wp-content\/uploads\/2025\/05\/Hollywood-alt-300x270.jpg 300w, https:\/\/screenwicklow.ie\/wp-content\/uploads\/2025\/05\/Hollywood-alt-1024x922.jpg 1024w, https:\/\/screenwicklow.ie\/wp-content\/uploads\/2025\/05\/Hollywood-alt-768x691.jpg 768w, https:\/\/screenwicklow.ie\/wp-content\/uploads\/2025\/05\/Hollywood-alt-1536x1382.jpg 1536w, https:\/\/screenwicklow.ie\/wp-content\/uploads\/2025\/05\/Hollywood-alt-2048x1843.jpg 2048w\" sizes=\"auto, (max-width: 4000px) 100vw, 4000px\" \/>        <\/div>\n            <div class=\"container\">\n        <div class=\"visual-section__layout\">\n                      <div class=\"visual-section__content\">\n                              <h2 class=\"visual-section__title\">\n                  Maoini\u00fa                <\/h2>\n                            <div class=\"visual-section__description\">\n                                  <div class=\"visual-section__text\">\n                    Taca\u00edochta\u00ed airgeadais do scann\u00e1n\u00f3ir\u00ed Chill Mhant\u00e1in                  <\/div>\n                                                  <div class=\"visual-section__link-holder\">\n                                          <a href=\"https:\/\/screenwicklow.ie\/ga\/funding\/\" class=\"btn\"><span class=\"btn__text\"><span class=\"btn__text--holder\"><span data-title=\"Aimsigh Tuilleadh\"><span class=\"btn__text--content\">Aimsigh Tuilleadh<\/span><\/span><\/span><\/span><\/a>                                                          <\/div>\n                              <\/div>\n            <\/div>\n                                <div class=\"media-block js-video-on-viewport\">\n              <div class=\"media-block__holder\">\n                <video loop muted playsinline>\n                  <source src=\"https:\/\/screenwicklow.ie\/wp-content\/uploads\/2025\/05\/d7681c4746c6404ded7f7640002ed34a702ac31f.mp4\" type=\"video\/mp4\">\n                  Your browser does not support the video tag.                <\/video>\n              <\/div>\n            <\/div>\n                  <\/div>\n      <\/div>\n    <\/div>\n  \n\n\n\n      <div class=\"visual-section full-height home-animation base-section reverse\" >\n              <div class=\"visual-section__background\">\n          <img loading=\"lazy\" decoding=\"async\" width=\"4000\" height=\"2462\" src=\"https:\/\/screenwicklow.ie\/wp-content\/uploads\/2025\/05\/f2210c9e6be25223d37eb636ada66d91abf4a165.jpg\" class=\"img-cover\" alt=\"\" srcset=\"https:\/\/screenwicklow.ie\/wp-content\/uploads\/2025\/05\/f2210c9e6be25223d37eb636ada66d91abf4a165.jpg 4000w, https:\/\/screenwicklow.ie\/wp-content\/uploads\/2025\/05\/f2210c9e6be25223d37eb636ada66d91abf4a165-300x185.jpg 300w, https:\/\/screenwicklow.ie\/wp-content\/uploads\/2025\/05\/f2210c9e6be25223d37eb636ada66d91abf4a165-1024x630.jpg 1024w, https:\/\/screenwicklow.ie\/wp-content\/uploads\/2025\/05\/f2210c9e6be25223d37eb636ada66d91abf4a165-768x473.jpg 768w, https:\/\/screenwicklow.ie\/wp-content\/uploads\/2025\/05\/f2210c9e6be25223d37eb636ada66d91abf4a165-1536x945.jpg 1536w, https:\/\/screenwicklow.ie\/wp-content\/uploads\/2025\/05\/f2210c9e6be25223d37eb636ada66d91abf4a165-2048x1261.jpg 2048w\" sizes=\"auto, (max-width: 4000px) 100vw, 4000px\" \/>        <\/div>\n            <div class=\"container\">\n        <div class=\"visual-section__layout\">\n                      <div class=\"visual-section__content\">\n                              <h2 class=\"visual-section__title\">\n                  Su\u00edomhanna                <\/h2>\n                            <div class=\"visual-section__description\">\n                                  <div class=\"visual-section__text\">\n                    \u00d3 th\u00edrdhreacha fi\u00e1ine \u00edoc\u00f3nach go bailte agus sr\u00e1idbhailte \u00e1ille br\u00edomhara, faigh inspior\u00e1id \u00f3 l\u00e1ithreacha Chill Mhant\u00e1in.                   <\/div>\n                                                  <div class=\"visual-section__link-holder\">\n                                          <a href=\"https:\/\/screenwicklow.ie\/ga\/locations\/location-overview\/\" class=\"btn\"><span class=\"btn__text\"><span class=\"btn__text--holder\"><span data-title=\"Aimsigh Tuilleadh\"><span class=\"btn__text--content\">Aimsigh Tuilleadh<\/span><\/span><\/span><\/span><\/a>                                                          <\/div>\n                              <\/div>\n            <\/div>\n                                <div class=\"media-block js-video-on-viewport\">\n              <div class=\"media-block__holder\">\n                <video loop muted playsinline>\n                  <source src=\"https:\/\/screenwicklow.ie\/wp-content\/uploads\/2025\/05\/9c5db0acccb5d92533bea805d8b0073b5b29006b.mp4\" type=\"video\/mp4\">\n                  Your browser does not support the video tag.                <\/video>\n              <\/div>\n            <\/div>\n                  <\/div>\n      <\/div>\n    <\/div>\n  \n\n\n\n      <div class=\"visual-section full-height home-animation base-section reverse\" >\n              <div class=\"visual-section__background\">\n          <img loading=\"lazy\" decoding=\"async\" width=\"4000\" height=\"3000\" src=\"https:\/\/screenwicklow.ie\/wp-content\/uploads\/2025\/05\/7c842a5737f9b5f42193388cb18ab869b3d271b4.jpg\" class=\"img-cover\" alt=\"\" srcset=\"https:\/\/screenwicklow.ie\/wp-content\/uploads\/2025\/05\/7c842a5737f9b5f42193388cb18ab869b3d271b4.jpg 4000w, https:\/\/screenwicklow.ie\/wp-content\/uploads\/2025\/05\/7c842a5737f9b5f42193388cb18ab869b3d271b4-300x225.jpg 300w, https:\/\/screenwicklow.ie\/wp-content\/uploads\/2025\/05\/7c842a5737f9b5f42193388cb18ab869b3d271b4-1024x768.jpg 1024w, https:\/\/screenwicklow.ie\/wp-content\/uploads\/2025\/05\/7c842a5737f9b5f42193388cb18ab869b3d271b4-768x576.jpg 768w, https:\/\/screenwicklow.ie\/wp-content\/uploads\/2025\/05\/7c842a5737f9b5f42193388cb18ab869b3d271b4-1536x1152.jpg 1536w, https:\/\/screenwicklow.ie\/wp-content\/uploads\/2025\/05\/7c842a5737f9b5f42193388cb18ab869b3d271b4-2048x1536.jpg 2048w\" sizes=\"auto, (max-width: 4000px) 100vw, 4000px\" \/>        <\/div>\n            <div class=\"container\">\n        <div class=\"visual-section__layout\">\n                      <div class=\"visual-section__content\">\n                              <h2 class=\"visual-section__title\">\n                  Ceadanna                <\/h2>\n                            <div class=\"visual-section__description\">\n                                  <div class=\"visual-section__text\">\n                    Gach cead a theasta\u00edonn uait chun do thionscadal a chur i gcr\u00edch.                  <\/div>\n                                                  <div class=\"visual-section__link-holder\">\n                                          <a href=\"https:\/\/screenwicklow.ie\/ga\/filming-in-wicklow\/permits\/\" class=\"btn\"><span class=\"btn__text\"><span class=\"btn__text--holder\"><span data-title=\"Aimsigh Tuilleadh\"><span class=\"btn__text--content\">Aimsigh Tuilleadh<\/span><\/span><\/span><\/span><\/a>                                                          <\/div>\n                              <\/div>\n            <\/div>\n                                <div class=\"media-block js-video-on-viewport\">\n              <div class=\"media-block__holder\">\n                <video loop muted playsinline>\n                  <source src=\"https:\/\/screenwicklow.ie\/wp-content\/uploads\/2025\/05\/aaf6bea24ed350cb8ec1a1bf3d9b7220c7803cd0.mp4\" type=\"video\/mp4\">\n                  Your browser does not support the video tag.                <\/video>\n              <\/div>\n            <\/div>\n                  <\/div>\n      <\/div>\n    <\/div>\n  \n\n\n\n      <div class=\"visual-section full-height home-animation base-section reverse\" >\n              <div class=\"visual-section__background\">\n          <img loading=\"lazy\" decoding=\"async\" width=\"4000\" height=\"2988\" src=\"https:\/\/screenwicklow.ie\/wp-content\/uploads\/2025\/05\/614e1b02f2af554eeb2a54e3d0a7e805f1033a63.jpg\" class=\"img-cover\" alt=\"\" srcset=\"https:\/\/screenwicklow.ie\/wp-content\/uploads\/2025\/05\/614e1b02f2af554eeb2a54e3d0a7e805f1033a63.jpg 4000w, https:\/\/screenwicklow.ie\/wp-content\/uploads\/2025\/05\/614e1b02f2af554eeb2a54e3d0a7e805f1033a63-300x224.jpg 300w, https:\/\/screenwicklow.ie\/wp-content\/uploads\/2025\/05\/614e1b02f2af554eeb2a54e3d0a7e805f1033a63-1024x765.jpg 1024w, https:\/\/screenwicklow.ie\/wp-content\/uploads\/2025\/05\/614e1b02f2af554eeb2a54e3d0a7e805f1033a63-768x574.jpg 768w, https:\/\/screenwicklow.ie\/wp-content\/uploads\/2025\/05\/614e1b02f2af554eeb2a54e3d0a7e805f1033a63-1536x1147.jpg 1536w, https:\/\/screenwicklow.ie\/wp-content\/uploads\/2025\/05\/614e1b02f2af554eeb2a54e3d0a7e805f1033a63-2048x1530.jpg 2048w\" sizes=\"auto, (max-width: 4000px) 100vw, 4000px\" \/>        <\/div>\n            <div class=\"container\">\n        <div class=\"visual-section__layout\">\n                      <div class=\"visual-section__content\">\n                              <h2 class=\"visual-section__title\">\n                  Dreasachta\u00ed C\u00e1nach                <\/h2>\n                            <div class=\"visual-section__description\">\n                                  <div class=\"visual-section__text\">\n                    Ag tac\u00fa le do l\u00e9iri\u00fach\u00e1n chun infheist\u00edocht a dh\u00e9anamh i gCill Mhant\u00e1in.                  <\/div>\n                                                  <div class=\"visual-section__link-holder\">\n                                          <a href=\"https:\/\/screenwicklow.ie\/ga\/filming-in-wicklow\/why-wicklow\/\" class=\"btn\"><span class=\"btn__text\"><span class=\"btn__text--holder\"><span data-title=\"Aimsigh Tuilleadh\"><span class=\"btn__text--content\">Aimsigh Tuilleadh<\/span><\/span><\/span><\/span><\/a>                                                          <\/div>\n                              <\/div>\n            <\/div>\n                                <div class=\"media-block js-video-on-viewport\">\n              <div class=\"media-block__holder\">\n                <video loop muted playsinline>\n                  <source src=\"https:\/\/screenwicklow.ie\/wp-content\/uploads\/2025\/05\/f1b0c60ec26afe5946c4fddc5c7a8f8f7bc0d8d2.mp4\" type=\"video\/mp4\">\n                  Your browser does not support the video tag.                <\/video>\n              <\/div>\n            <\/div>\n                  <\/div>\n      <\/div>\n    <\/div>\n  \n\n\n\n      <div class=\"visual-section full-height home-animation base-section reverse\" >\n              <div class=\"visual-section__background\">\n          <img loading=\"lazy\" decoding=\"async\" width=\"2048\" height=\"1152\" src=\"https:\/\/screenwicklow.ie\/wp-content\/uploads\/2025\/05\/4ffc85f017b0fe3abc3470b4c5341cd4811f09cc.jpg\" class=\"img-cover\" alt=\"\" srcset=\"https:\/\/screenwicklow.ie\/wp-content\/uploads\/2025\/05\/4ffc85f017b0fe3abc3470b4c5341cd4811f09cc.jpg 2048w, https:\/\/screenwicklow.ie\/wp-content\/uploads\/2025\/05\/4ffc85f017b0fe3abc3470b4c5341cd4811f09cc-300x169.jpg 300w, https:\/\/screenwicklow.ie\/wp-content\/uploads\/2025\/05\/4ffc85f017b0fe3abc3470b4c5341cd4811f09cc-1024x576.jpg 1024w, https:\/\/screenwicklow.ie\/wp-content\/uploads\/2025\/05\/4ffc85f017b0fe3abc3470b4c5341cd4811f09cc-768x432.jpg 768w, https:\/\/screenwicklow.ie\/wp-content\/uploads\/2025\/05\/4ffc85f017b0fe3abc3470b4c5341cd4811f09cc-1536x864.jpg 1536w\" sizes=\"auto, (max-width: 2048px) 100vw, 2048px\" \/>        <\/div>\n            <div class=\"container\">\n        <div class=\"visual-section__layout\">\n                      <div class=\"visual-section__content\">\n                              <h2 class=\"visual-section__title\">\n                  Conair Scann\u00e1n<br>Chill Mhant\u00e1in<br \/>\r\n                <\/h2>\n                            <div class=\"visual-section__description\">\n                                  <div class=\"visual-section__text\">\n                    Tabhair cuairt ar shu\u00edomhanna scann\u00e1na\u00edochta \u00edoc\u00f3nach Chill Mhant\u00e1in.                  <\/div>\n                                                  <div class=\"visual-section__link-holder\">\n                                          <a href=\"https:\/\/screenwicklow.ie\/ga\/wicklow-film-trail\/\" class=\"btn\"><span class=\"btn__text\"><span class=\"btn__text--holder\"><span data-title=\"Aimsigh Tuilleadh\"><span class=\"btn__text--content\">Aimsigh Tuilleadh<\/span><\/span><\/span><\/span><\/a>                                                          <\/div>\n                              <\/div>\n            <\/div>\n                                <div class=\"media-block js-video-on-viewport\">\n              <div class=\"media-block__holder\">\n                <video loop muted playsinline>\n                  <source src=\"https:\/\/screenwicklow.ie\/wp-content\/uploads\/2025\/05\/5ce2544fa72c5619e84c5a86e884ef1a6825bd3c.mp4\" type=\"video\/mp4\">\n                  Your browser does not support the video tag.                <\/video>\n              <\/div>\n            <\/div>\n                  <\/div>\n      <\/div>\n    <\/div>\n  \n\n\n\n      <div class=\"visual-section full-height home-animation base-section reverse\" >\n              <div class=\"visual-section__background\">\n          <img loading=\"lazy\" decoding=\"async\" width=\"1800\" height=\"1200\" src=\"https:\/\/screenwicklow.ie\/wp-content\/uploads\/2025\/05\/eb1117f64dc8661ab5d03167daf1e7a80e0cfe18.jpg\" class=\"img-cover\" alt=\"\" srcset=\"https:\/\/screenwicklow.ie\/wp-content\/uploads\/2025\/05\/eb1117f64dc8661ab5d03167daf1e7a80e0cfe18.jpg 1800w, https:\/\/screenwicklow.ie\/wp-content\/uploads\/2025\/05\/eb1117f64dc8661ab5d03167daf1e7a80e0cfe18-300x200.jpg 300w, https:\/\/screenwicklow.ie\/wp-content\/uploads\/2025\/05\/eb1117f64dc8661ab5d03167daf1e7a80e0cfe18-1024x683.jpg 1024w, https:\/\/screenwicklow.ie\/wp-content\/uploads\/2025\/05\/eb1117f64dc8661ab5d03167daf1e7a80e0cfe18-768x512.jpg 768w, https:\/\/screenwicklow.ie\/wp-content\/uploads\/2025\/05\/eb1117f64dc8661ab5d03167daf1e7a80e0cfe18-1536x1024.jpg 1536w\" sizes=\"auto, (max-width: 1800px) 100vw, 1800px\" \/>        <\/div>\n            <div class=\"container\">\n        <div class=\"visual-section__layout\">\n                      <div class=\"visual-section__content\">\n                              <h2 class=\"visual-section__title\">\n                  Strait\u00e9is<br>Forbartha<br>Earn\u00e1la<br>Sc\u00e1ile\u00e1in<br>Chill Mhant\u00e1in<br \/>\r\n                <\/h2>\n                            <div class=\"visual-section__description\">\n                                  <div class=\"visual-section__text\">\n                    Ag treor\u00fa f\u00e1s in earn\u00e1il sc\u00e1ile\u00e1in Chill Mhant\u00e1in.                  <\/div>\n                                                  <div class=\"visual-section__link-holder\">\n                                                                                    <a href=\"https:\/\/screenwicklow.ie\/wp-content\/uploads\/2025\/05\/County-Wicklow-Screen-Sector-Development-Strategy.pdf\" class=\"btn btn--with-icon\" download>\n                        <span class=\"btn__icon\">\n                          <span class=\"bordered-icon icon-file\" aria-hidden=\"true\"><\/span>\n                        <\/span>\n                        <span class=\"btn__text\">\n                          <span class=\"btn__text--holder\">\n                            <span data-title=\"F\u00e9ach an Strait\u00e9is\">\n                              F\u00e9ach an Strait\u00e9is                            <\/span>\n                          <\/span>\n                        <\/span>\n                      <\/a>\n                                      <\/div>\n                              <\/div>\n            <\/div>\n                                <div class=\"media-block js-video-on-viewport\">\n              <div class=\"media-block__holder\">\n                <video loop muted playsinline>\n                  <source src=\"https:\/\/screenwicklow.ie\/wp-content\/uploads\/2025\/05\/a9403d7f2cf480b4a01222290c1496cf1bc19702.mp4\" type=\"video\/mp4\">\n                  Your browser does not support the video tag.                <\/video>\n              <\/div>\n            <\/div>\n                  <\/div>\n      <\/div>\n    <\/div>\n  \n","protected":false},"excerpt":{"rendered":"","protected":false},"author":1,"featured_media":0,"parent":0,"menu_order":0,"comment_status":"closed","ping_status":"closed","template":"","meta":{"_acf_changed":false,"inline_featured_image":false,"footnotes":""},"class_list":["post-1060","page","type-page","status-publish","hentry"],"acf":[],"_links":{"self":[{"href":"https:\/\/screenwicklow.ie\/ga\/wp-json\/wp\/v2\/pages\/1060","targetHints":{"allow":["GET"]}}],"collection":[{"href":"https:\/\/screenwicklow.ie\/ga\/wp-json\/wp\/v2\/pages"}],"about":[{"href":"https:\/\/screenwicklow.ie\/ga\/wp-json\/wp\/v2\/types\/page"}],"author":[{"embeddable":true,"href":"https:\/\/screenwicklow.ie\/ga\/wp-json\/wp\/v2\/users\/1"}],"replies":[{"embeddable":true,"href":"https:\/\/screenwicklow.ie\/ga\/wp-json\/wp\/v2\/comments?post=1060"}],"version-history":[{"count":13,"href":"https:\/\/screenwicklow.ie\/ga\/wp-json\/wp\/v2\/pages\/1060\/revisions"}],"predecessor-version":[{"id":1684,"href":"https:\/\/screenwicklow.ie\/ga\/wp-json\/wp\/v2\/pages\/1060\/revisions\/1684"}],"wp:attachment":[{"href":"https:\/\/screenwicklow.ie\/ga\/wp-json\/wp\/v2\/media?parent=1060"}],"curies":[{"name":"wp","href":"https:\/\/api.w.org\/{rel}","templated":true}]}}