{"id":1063,"date":"2025-05-09T10:34:07","date_gmt":"2025-05-09T10:34:07","guid":{"rendered":"https:\/\/wicklowwebsite.multi.phpstg.com\/wicklow-short-film-award\/"},"modified":"2026-01-29T12:06:55","modified_gmt":"2026-01-29T12:06:55","slug":"wicklow-short-film-award","status":"publish","type":"page","link":"https:\/\/screenwicklow.ie\/ga\/funding\/wicklow-short-film-award\/","title":{"rendered":"Duais Gearrscann\u00e1in Chill Mhant\u00e1in"},"content":{"rendered":"\n  \n    <section class=\"text-section base-section full-height black\" id=\"section-01\">\n      <div class=\"container\">\n        <div class=\"row\">\n            <div class=\"col-12 col-lg-5 col-xl-6\" >\n    <div class=\"text-section__heading\">\n      <h2 class=\"text-section__heading--title\">\n        Duais Gearrscann\u00e1in<br \/>\r\nChill Mhant\u00e1in      <\/h2>\n                    <div class=\"text-section__heading--links-holder\">\n                                                              <a href=\"https:\/\/screenwicklow.ie\/wp-content\/uploads\/2025\/12\/WSFA-Guidelines-2026-1.pdf\" class=\"btn btn--with-icon\" download>\n                <span class=\"btn__icon\">\n                  <span class=\"bordered-icon icon-file\" aria-hidden=\"true\"><\/span>\n                <\/span>\n                <span class=\"btn__text\">\n                  <span class=\"btn__text--holder\">\n                    <span data-title=\"Treoirl\u00ednte D\u00e1mhachtana Scann\u00e1n\">\n                      Treoirl\u00ednte D\u00e1mhachtana Scann\u00e1n                    <\/span>\n                  <\/span>\n                <\/span>\n              <\/a>\n                                                                          <a href=\"https:\/\/screenwicklow.ie\/wp-content\/uploads\/2026\/01\/WSFA_Budget-Template.xlsx\" class=\"btn btn--with-icon\" download>\n                <span class=\"btn__icon\">\n                  <span class=\"bordered-icon icon-file\" aria-hidden=\"true\"><\/span>\n                <\/span>\n                <span class=\"btn__text\">\n                  <span class=\"btn__text--holder\">\n                    <span data-title=\"Teimpl\u00e9ad Buis\u00e9id\">\n                      Teimpl\u00e9ad Buis\u00e9id                    <\/span>\n                  <\/span>\n                <\/span>\n              <\/a>\n                                                                          <a href=\"https:\/\/screenwicklow.ie\/wp-content\/uploads\/2025\/05\/GA-Wicklow-Short-Film-Award-FAQ.docx\" class=\"btn btn--with-icon\" download>\n                <span class=\"btn__icon\">\n                  <span class=\"bordered-icon icon-file\" aria-hidden=\"true\"><\/span>\n                <\/span>\n                <span class=\"btn__text\">\n                  <span class=\"btn__text--holder\">\n                    <span data-title=\"Ceisteanna Coitianta\">\n                      Ceisteanna Coitianta                    <\/span>\n                  <\/span>\n                <\/span>\n              <\/a>\n                              <\/div>\n          <\/div>\n  <\/div>\n                      <div class=\"col-12 col-lg-7 col-xl-6\" >\n                              <div class=\"text-section__text\">\n                  <p><span style=\"font-weight: 400\">Le Duais Gearrscann\u00e1in Chill Mhant\u00e1in, taca\u00edtear le scann\u00e1n\u00f3ir\u00ed as Cill Mhant\u00e1in at\u00e1 ag teacht chun cinn chun scann\u00e1in ardchaighde\u00e1in bhunaidh a dh\u00e9anamh sa chontae.\u00a0 Cuirfear ar a gcumas leis d\u00f3ibhsean at\u00e1 ag t\u00fas a ngairme cruthaitheach a CV a fheabhs\u00fa tr\u00ed chreidi\u00faint bharrth\u00e1bhachtach a chur lena n-ainm.\u00a0 Is f\u00e9idir cur isteach ar an Duais le scann\u00e1in insinte, scann\u00e1in faisn\u00e9ise, scann\u00e1in dhigiteacha agus scann\u00e1in bheochana.\u00a0 Is iad F\u00eds Chill Mhant\u00e1in agus Oifig Eala\u00edon Chill Mhant\u00e1in a d\u2019fhorbair an Duais.\u00a0<\/span><\/p>\n<p><span style=\"font-weight: 400\">D\u00e9anann Comhairle Chontae Chill Mhant\u00e1in Duais Gearrscann\u00e1in Chill Mhant\u00e1in a mhaoini\u00fa. Chun iarratas a dh\u00e9anamh ar Dhuais Gearrscann\u00e1in Chill Mhant\u00e1in, t\u00e9igh chuig an tairseach gr\u00e9as\u00e1in Submittable at\u00e1 againn tr\u00ed chlice\u00e1il ar an nasc th\u00edos.<\/span><\/p>\n                <\/div>\n                                            <div class=\"text-section__link-holder\">\n                  <a href=\"https:\/\/wicklowcountycouncil.submittable.com\/submit\" class=\"btn\" target=\"_blank\"><span class=\"btn__text\"><span class=\"btn__text--holder\"><span data-title=\"Tairseach gr\u00e9as\u00e1in inchurtha\"><span class=\"btn__text--content\">Tairseach gr\u00e9as\u00e1in inchurtha<\/span><\/span><\/span><\/span><\/a>                <\/div>\n                                        <\/div>\n                  <\/div>\n      <\/div>\n    <\/section>\n  \n\n\n\n      <section class=\"text-section base-section gray\" >\n      <div class=\"container\">\n        <div class=\"row\">\n            <div class=\"col-12 col-lg-5 col-xl-6\" data-aos=\"fade-up\">\n    <div class=\"text-section__heading\">\n      <h2 class=\"text-section__heading--title\">\n        Iarbhuaiteoir\u00ed:      <\/h2>\n                <\/div>\n  <\/div>\n                      <div class=\"col-12 col-lg-7 col-xl-6\">\n              <div class=\"winner-items\">\n                                                    <article class=\"winner-item\" data-aos=\"fade\" >\n                                          <div class=\"winner-item__image\">\n                                                <img loading=\"lazy\" decoding=\"async\" width=\"400\" height=\"570\" src=\"https:\/\/screenwicklow.ie\/wp-content\/uploads\/2025\/05\/image-1.jpg\" class=\"attachment-full size-full\" alt=\"\" srcset=\"https:\/\/screenwicklow.ie\/wp-content\/uploads\/2025\/05\/image-1.jpg 400w, https:\/\/screenwicklow.ie\/wp-content\/uploads\/2025\/05\/image-1-211x300.jpg 211w\" sizes=\"auto, (max-width: 400px) 100vw, 400px\" \/>                                              <\/div>\n                                        <div class=\"winner-item__content\">\n                                              <dl class=\"winner-item__description\">\n                          <dt>\n                            Bliain:                          <\/dt>\n                          <dd>\n                            2024                          <\/dd>\n                        <\/dl>\n                                                                    <dl class=\"winner-item__description\">\n                          <dt>\n                            Teideal:                          <\/dt>\n                          <dd>\n                            \u2018Sapphire\u2019                          <\/dd>\n                        <\/dl>\n                                                                    <dl class=\"winner-item__description\">\n                          <dt>\n                            Sti\u00farth\u00f3ir:                          <\/dt>\n                          <dd>\n                            M.J. Whelan                          <\/dd>\n                        <\/dl>\n                                          <\/div>\n                  <\/article>\n                                                    <article class=\"winner-item\" data-aos=\"fade\" >\n                                          <div class=\"winner-item__image\">\n                                                <img loading=\"lazy\" decoding=\"async\" width=\"400\" height=\"570\" src=\"https:\/\/screenwicklow.ie\/wp-content\/uploads\/2025\/05\/image-2.jpg\" class=\"attachment-full size-full\" alt=\"\" srcset=\"https:\/\/screenwicklow.ie\/wp-content\/uploads\/2025\/05\/image-2.jpg 400w, https:\/\/screenwicklow.ie\/wp-content\/uploads\/2025\/05\/image-2-211x300.jpg 211w\" sizes=\"auto, (max-width: 400px) 100vw, 400px\" \/>                                              <\/div>\n                                        <div class=\"winner-item__content\">\n                                              <dl class=\"winner-item__description\">\n                          <dt>\n                            Bliain:                          <\/dt>\n                          <dd>\n                            2024                          <\/dd>\n                        <\/dl>\n                                                                    <dl class=\"winner-item__description\">\n                          <dt>\n                            Teideal:                          <\/dt>\n                          <dd>\n                            \u2018Dealing With It\u2019                          <\/dd>\n                        <\/dl>\n                                                                    <dl class=\"winner-item__description\">\n                          <dt>\n                            Sti\u00farth\u00f3ir:                          <\/dt>\n                          <dd>\n                            Santiago Rivas Pertile                          <\/dd>\n                        <\/dl>\n                                          <\/div>\n                  <\/article>\n                              <\/div>\n            <\/div>\n                  <\/div>\n      <\/div>\n    <\/section>\n  \n","protected":false},"excerpt":{"rendered":"","protected":false},"author":1,"featured_media":0,"parent":1091,"menu_order":0,"comment_status":"closed","ping_status":"closed","template":"","meta":{"_acf_changed":false,"inline_featured_image":false,"footnotes":""},"class_list":["post-1063","page","type-page","status-publish","hentry"],"acf":[],"_links":{"self":[{"href":"https:\/\/screenwicklow.ie\/ga\/wp-json\/wp\/v2\/pages\/1063","targetHints":{"allow":["GET"]}}],"collection":[{"href":"https:\/\/screenwicklow.ie\/ga\/wp-json\/wp\/v2\/pages"}],"about":[{"href":"https:\/\/screenwicklow.ie\/ga\/wp-json\/wp\/v2\/types\/page"}],"author":[{"embeddable":true,"href":"https:\/\/screenwicklow.ie\/ga\/wp-json\/wp\/v2\/users\/1"}],"replies":[{"embeddable":true,"href":"https:\/\/screenwicklow.ie\/ga\/wp-json\/wp\/v2\/comments?post=1063"}],"version-history":[{"count":6,"href":"https:\/\/screenwicklow.ie\/ga\/wp-json\/wp\/v2\/pages\/1063\/revisions"}],"predecessor-version":[{"id":1796,"href":"https:\/\/screenwicklow.ie\/ga\/wp-json\/wp\/v2\/pages\/1063\/revisions\/1796"}],"up":[{"embeddable":true,"href":"https:\/\/screenwicklow.ie\/ga\/wp-json\/wp\/v2\/pages\/1091"}],"wp:attachment":[{"href":"https:\/\/screenwicklow.ie\/ga\/wp-json\/wp\/v2\/media?parent=1063"}],"curies":[{"name":"wp","href":"https:\/\/api.w.org\/{rel}","templated":true}]}}