{"id":1067,"date":"2025-05-05T13:56:45","date_gmt":"2025-05-05T13:56:45","guid":{"rendered":"https:\/\/wicklowwebsite.multi.phpstg.com\/locations-database\/"},"modified":"2025-06-11T11:14:32","modified_gmt":"2025-06-11T11:14:32","slug":"locations-database","status":"publish","type":"page","link":"https:\/\/screenwicklow.ie\/ga\/locations\/locations-database\/","title":{"rendered":"Bunachar Sonra\u00ed de Shu\u00edomhanna"},"content":{"rendered":"\n  \n    <section class=\"text-section base-section gray\" id=\"section-01\">\n      <div class=\"container\">\n        <div class=\"row\">\n            <div class=\"col-12 col-lg-5 col-xl-6\" data-aos=\"fade-up\">\n    <div class=\"text-section__heading\">\n      <h2 class=\"text-section__heading--title\">\n        Bunachar Sonra\u00ed <br \/>\r\nde Shu\u00edomhanna<br \/>\r\n      <\/h2>\n                    <div class=\"text-section__heading--links-holder\">\n                                    <a href=\"https:\/\/mscs-ireland.openbrolly.com\/screenireland\/login\" class=\"btn\" target=\"_blank\"><span class=\"btn__text\"><span class=\"btn__text--holder\"><span data-title=\"Bunachar Sonra\u00ed F\u00eds \u00c9ireann de Shu\u00edomhanna\"><span class=\"btn__text--content\">Bunachar Sonra\u00ed F\u00eds \u00c9ireann de Shu\u00edomhanna<\/span><\/span><\/span><\/span><\/a>                                          <\/div>\n          <\/div>\n  <\/div>\n                      <div class=\"col-12 col-lg-7 col-xl-6\" data-aos=\"fade-up\" data-aos-delay=\"200\">\n                              <div class=\"text-section__text\">\n                  <p>Aimsigh do l\u00e1thair id\u00e9alach i gCill Mhant\u00e1in tr\u00ed bhunachar sonra\u00ed F\u00eds \u00c9ireann a bhrabhs\u00e1il. M\u00e1 theasta\u00edonn uait do l\u00e1thair a chur leis an mbunachar sonra\u00ed seo, d\u00e9an teagmh\u00e1il linn ar<\/p>\n                <\/div>\n                                                          <div class=\"contact-block__description--layout\">\n                                                          <div class=\"contact-block__description--col\">\n                                              <h5 class=\"footer__title\">\n                          Teagmh\u00e1laithe                        <\/h5>\n                                            <ul class=\"text-icon-list unstyled-list\">\n                                                                          <li>\n                            <div class=\"text-with-icon\">\n                              <span class=\"bordered-icon text-with-icon__icon icon-mail\" aria-hidden=\"true\"><\/span>\n                              <div class=\"text-with-icon__text\">\n                                <a href=\"mailto:screenwicklow@wicklowcoco.ie\" class=\"btn\">\n                                  <span class=\"btn__text\">\n                                    <span class=\"btn__text--holder\">\n                                      <span data-title=\"screenwicklow@wicklowcoco.ie\">\n                                      screenwicklow@wicklowcoco.ie                                      <\/span>\n                                    <\/span>\n                                  <\/span>\n                                <\/a>\n                              <\/div>\n                            <\/div>\n                          <\/li>\n                                              <\/ul>\n                    <\/div>\n                                                                        <\/div>\n                          <\/div>\n                  <\/div>\n      <\/div>\n    <\/section>\n  \n","protected":false},"excerpt":{"rendered":"","protected":false},"author":1,"featured_media":0,"parent":1095,"menu_order":0,"comment_status":"closed","ping_status":"closed","template":"","meta":{"_acf_changed":false,"inline_featured_image":false,"footnotes":""},"class_list":["post-1067","page","type-page","status-publish","hentry"],"acf":[],"_links":{"self":[{"href":"https:\/\/screenwicklow.ie\/ga\/wp-json\/wp\/v2\/pages\/1067","targetHints":{"allow":["GET"]}}],"collection":[{"href":"https:\/\/screenwicklow.ie\/ga\/wp-json\/wp\/v2\/pages"}],"about":[{"href":"https:\/\/screenwicklow.ie\/ga\/wp-json\/wp\/v2\/types\/page"}],"author":[{"embeddable":true,"href":"https:\/\/screenwicklow.ie\/ga\/wp-json\/wp\/v2\/users\/1"}],"replies":[{"embeddable":true,"href":"https:\/\/screenwicklow.ie\/ga\/wp-json\/wp\/v2\/comments?post=1067"}],"version-history":[{"count":6,"href":"https:\/\/screenwicklow.ie\/ga\/wp-json\/wp\/v2\/pages\/1067\/revisions"}],"predecessor-version":[{"id":1466,"href":"https:\/\/screenwicklow.ie\/ga\/wp-json\/wp\/v2\/pages\/1067\/revisions\/1466"}],"up":[{"embeddable":true,"href":"https:\/\/screenwicklow.ie\/ga\/wp-json\/wp\/v2\/pages\/1095"}],"wp:attachment":[{"href":"https:\/\/screenwicklow.ie\/ga\/wp-json\/wp\/v2\/media?parent=1067"}],"curies":[{"name":"wp","href":"https:\/\/api.w.org\/{rel}","templated":true}]}}