{"id":1077,"date":"2025-04-30T08:18:47","date_gmt":"2025-04-30T08:18:47","guid":{"rendered":"https:\/\/wicklowwebsite.multi.phpstg.com\/permits\/"},"modified":"2025-10-21T08:50:56","modified_gmt":"2025-10-21T08:50:56","slug":"permits","status":"publish","type":"page","link":"https:\/\/screenwicklow.ie\/ga\/filming-in-wicklow\/permits\/","title":{"rendered":"Ceadanna"},"content":{"rendered":"\n      <section class=\"text-section base-section gray\" >\n      <div class=\"container\">\n        <div class=\"row\">\n            <div class=\"col-12 col-lg-5 col-xl-6\" data-aos=\"fade-up\">\n    <div class=\"text-section__heading\">\n      <h2 class=\"text-section__heading--title\">\n        Ceadanna      <\/h2>\n                <\/div>\n  <\/div>\n                      <div class=\"col-12 col-lg-7 col-xl-6\">\n                                              <div class=\"bordered-box\" data-aos=\"fade-up\">\n                                                        <div class=\"bordered-box__content\">\n                      <h3>Scann\u00e1na\u00edocht &#8211; Contae Chill Mhant\u00e1in<\/h3>\n<p>T\u00e1 c\u00f3ras foirmi\u00fail ceadanna i bhfeidhm le haghaidh scann\u00e1na\u00edocht i gContae Chill Mhant\u00e1in.<\/p>\n<h3><\/h3>\n<h3>Cead Scann\u00e1na\u00edochta &#8211; Contae Chill Mhant\u00e1in<\/h3>\n<p>Chun cead a iarraidh scann\u00e1na\u00edocht a dh\u00e9anamh ar fud an Chontae, \u00edosl\u00f3d\u00e1il agus comhl\u00e1naigh an fhoirm agus<br \/>\nansin seol ar r\u00edomhphost \u00e9 chuig <a href=\"mailto:screenwicklow@wicklowcoco.ie\">screenwicklow@wicklowcoco.ie<\/a>.<\/p>\n<h3><\/h3>\n<h3>Cead Scann\u00e1na\u00edochta &#8211; Ceantar Bardasach Bhr\u00e9 (Br\u00e9, \u00c1th na Sceire &amp;amp; Cill Mochean\u00f3g)<\/h3>\n<p>M\u00e1s mian leat scann\u00e1na\u00edocht a dh\u00e9anamh i gCeantar Bardasach Bhr\u00e9, \u00edosl\u00f3d\u00e1il an fhoirm, l\u00edon amach Foirm<br \/>\nIarratais Chead Imeachta Bhr\u00e9 agus seol r\u00edomhphost chuig <a href=\"mailto:braymd@wicklowcoco.ie\">braymd@wicklowcoco.ie<\/a> leis na sonra\u00ed \u00e1rachais a<br \/>\ntheasta\u00edonn.<\/p>\n<p>Scaipfear do ch\u00e1ip\u00e9is\u00ed ar an bhfoireann chu\u00ed laistigh de Chomhairle Chontae Chill Mhant\u00e1in lena meas\u00fan\u00fa.<\/p>\n                    <\/div>\n                                                    <\/div>\n                          <\/div>\n                  <\/div>\n      <\/div>\n    <\/section>\n  \n\n\n\n      <section class=\"text-section base-section black with-sticky-title\" id=\"section-01\">\n      <div class=\"container\">\n        <div class=\"row\">\n          <div class=\"col-12 col-lg-5 col-xl-6\" data-aos=\"fade-up\">\n    <div class=\"text-section__heading\">\n      <h2 class=\"text-section__heading--title\">\n        Foirmeacha Iarratais      <\/h2>\n                <\/div>\n  <\/div>\n                      <div class=\"col-12 col-lg-7 col-xl-6\">\n                                              <div class=\"application-item\" data-aos=\"fade-up\">\n                                      <a href=\"https:\/\/screenwicklow.ie\/wp-content\/uploads\/2025\/05\/GA-Filming-Application-Form-Co.-Wicklow.docx\" class=\"application-item__link-block\" download>\n                      <span class=\"application-item__icon\">\n                        <span class=\"bordered-icon icon-download\" aria-hidden=\"true\"><\/span>\n                      <\/span>\n                                              <strong class=\"application-item__title\">\n                          Form Iarratais \u2013 Scann\u00e1na\u00edocht i gContae Chill Mhant\u00e1in                        <\/strong>\n                                            <div class=\"application-item__btn-holder\">\n                        <span class=\"btn\">\n                          <span class=\"btn__text\">\n                            <span class=\"btn__text--holder\">\n                              <span data-title=\"\u00cdosl\u00f3d\u00e1il\">\n                                \u00cdosl\u00f3d\u00e1il                              <\/span>\n                            <\/span>\n                          <\/span>\n                        <\/span>\n                      <\/div>\n                    <\/a>\n                                  <\/div>\n                                              <div class=\"application-item\" data-aos=\"fade-up\">\n                                      <a href=\"https:\/\/screenwicklow.ie\/wp-content\/uploads\/2025\/05\/GA-Filming-Application-Form-Bray-Municipal-District.doc\" class=\"application-item__link-block\" download>\n                      <span class=\"application-item__icon\">\n                        <span class=\"bordered-icon icon-download\" aria-hidden=\"true\"><\/span>\n                      <\/span>\n                                              <strong class=\"application-item__title\">\n                          Form Iarratais \u2013 Scann\u00e1na\u00edocht i gCeantar Bardasach Bhr\u00e9                        <\/strong>\n                                            <div class=\"application-item__btn-holder\">\n                        <span class=\"btn\">\n                          <span class=\"btn__text\">\n                            <span class=\"btn__text--holder\">\n                              <span data-title=\"\u00cdosl\u00f3d\u00e1il\">\n                                \u00cdosl\u00f3d\u00e1il                              <\/span>\n                            <\/span>\n                          <\/span>\n                        <\/span>\n                      <\/div>\n                    <\/a>\n                                  <\/div>\n                                              <div class=\"application-item\" data-aos=\"fade-up\">\n                                      <a href=\"https:\/\/screenwicklow.ie\/wp-content\/uploads\/2025\/05\/GA-Suspension-of-Parking-Bay-Form.docx\" class=\"application-item__link-block\" download>\n                      <span class=\"application-item__icon\">\n                        <span class=\"bordered-icon icon-download\" aria-hidden=\"true\"><\/span>\n                      <\/span>\n                                              <strong class=\"application-item__title\">\n                          Form Iarratas ar Fhionra\u00edocht B\u00e1 P\u00e1irce\u00e1la                        <\/strong>\n                                            <div class=\"application-item__btn-holder\">\n                        <span class=\"btn\">\n                          <span class=\"btn__text\">\n                            <span class=\"btn__text--holder\">\n                              <span data-title=\"\u00cdosl\u00f3d\u00e1il\">\n                                \u00cdosl\u00f3d\u00e1il                              <\/span>\n                            <\/span>\n                          <\/span>\n                        <\/span>\n                      <\/div>\n                    <\/a>\n                                  <\/div>\n                                              <div class=\"application-item\" data-aos=\"fade-up\">\n                                      <a href=\"https:\/\/screenwicklow.ie\/wp-content\/uploads\/2025\/10\/Iarratas-ar-Dhunadh-Sealadach-Bothair.doc\" class=\"application-item__link-block\" download>\n                      <span class=\"application-item__icon\">\n                        <span class=\"bordered-icon icon-download\" aria-hidden=\"true\"><\/span>\n                      <\/span>\n                                              <strong class=\"application-item__title\">\n                          Form Iarratas ar Dh\u00fanadh B\u00f3thair                        <\/strong>\n                                            <div class=\"application-item__btn-holder\">\n                        <span class=\"btn\">\n                          <span class=\"btn__text\">\n                            <span class=\"btn__text--holder\">\n                              <span data-title=\"\u00cdosl\u00f3d\u00e1il\">\n                                \u00cdosl\u00f3d\u00e1il                              <\/span>\n                            <\/span>\n                          <\/span>\n                        <\/span>\n                      <\/div>\n                    <\/a>\n                                  <\/div>\n                          <\/div>\n                  <\/div>\n      <\/div>\n    <\/section>\n  \n","protected":false},"excerpt":{"rendered":"","protected":false},"author":1,"featured_media":0,"parent":1097,"menu_order":0,"comment_status":"closed","ping_status":"closed","template":"","meta":{"_acf_changed":false,"inline_featured_image":false,"footnotes":""},"class_list":["post-1077","page","type-page","status-publish","hentry"],"acf":[],"_links":{"self":[{"href":"https:\/\/screenwicklow.ie\/ga\/wp-json\/wp\/v2\/pages\/1077","targetHints":{"allow":["GET"]}}],"collection":[{"href":"https:\/\/screenwicklow.ie\/ga\/wp-json\/wp\/v2\/pages"}],"about":[{"href":"https:\/\/screenwicklow.ie\/ga\/wp-json\/wp\/v2\/types\/page"}],"author":[{"embeddable":true,"href":"https:\/\/screenwicklow.ie\/ga\/wp-json\/wp\/v2\/users\/1"}],"replies":[{"embeddable":true,"href":"https:\/\/screenwicklow.ie\/ga\/wp-json\/wp\/v2\/comments?post=1077"}],"version-history":[{"count":8,"href":"https:\/\/screenwicklow.ie\/ga\/wp-json\/wp\/v2\/pages\/1077\/revisions"}],"predecessor-version":[{"id":1762,"href":"https:\/\/screenwicklow.ie\/ga\/wp-json\/wp\/v2\/pages\/1077\/revisions\/1762"}],"up":[{"embeddable":true,"href":"https:\/\/screenwicklow.ie\/ga\/wp-json\/wp\/v2\/pages\/1097"}],"wp:attachment":[{"href":"https:\/\/screenwicklow.ie\/ga\/wp-json\/wp\/v2\/media?parent=1077"}],"curies":[{"name":"wp","href":"https:\/\/api.w.org\/{rel}","templated":true}]}}