{"id":1083,"date":"2025-04-30T08:18:03","date_gmt":"2025-04-30T08:18:03","guid":{"rendered":"https:\/\/wicklowwebsite.multi.phpstg.com\/crew\/"},"modified":"2025-06-12T12:38:56","modified_gmt":"2025-06-12T12:38:56","slug":"crew","status":"publish","type":"page","link":"https:\/\/screenwicklow.ie\/ga\/filming-in-wicklow\/crew\/","title":{"rendered":"Cri\u00fa"},"content":{"rendered":"\n  \n    <section class=\"text-section base-section gray\" id=\"section-01\">\n      <div class=\"container\">\n        <div class=\"row\">\n            <div class=\"col-12 col-lg-5 col-xl-6\" data-aos=\"fade-up\">\n    <div class=\"text-section__heading\">\n      <h2 class=\"text-section__heading--title\">\n        Bunachar Sonra\u00ed Cri\u00fa      <\/h2>\n                <\/div>\n  <\/div>\n                      <div class=\"col-12 col-lg-7 col-xl-6\" data-aos=\"fade-up\" data-aos-delay=\"200\">\n                              <div class=\"text-section__text\">\n                  <p>T\u00e1 Contae Chill Mhant\u00e1in ina bhaile do raon leathan cri\u00fa agus daoine cumasacha cruthaitheacha a bhfuil an-taith\u00ed acu. Chun liosta den chri\u00fa at\u00e1 ar f\u00e1il a fh\u00e1il, f\u00e9ach ar Bhunachar Sonra\u00ed Cri\u00fa &amp; Seirbh\u00eds\u00ed Sc\u00e1ile\u00e1in ar an nasc th\u00edos.<\/p>\n                <\/div>\n                                            <div class=\"text-section__link-holder\">\n                  <a href=\"https:\/\/mscs.openbrolly.com\/start\" class=\"btn\"><span class=\"btn__text\"><span class=\"btn__text--holder\"><span data-title=\"Bhunachar Sonra\u00ed Cri\u00fa &amp; Seirbh\u00eds\u00ed Sc\u00e1ile\u00e1in ar F\u00eds \u00c9ireann\"><span class=\"btn__text--content\">Bhunachar Sonra\u00ed Cri\u00fa &amp; Seirbh\u00eds\u00ed Sc\u00e1ile\u00e1in ar F\u00eds \u00c9ireann<\/span><\/span><\/span><\/span><\/a>                <\/div>\n                                        <\/div>\n                  <\/div>\n      <\/div>\n    <\/section>\n  \n","protected":false},"excerpt":{"rendered":"","protected":false},"author":1,"featured_media":0,"parent":1097,"menu_order":0,"comment_status":"closed","ping_status":"closed","template":"","meta":{"_acf_changed":false,"inline_featured_image":false,"footnotes":""},"class_list":["post-1083","page","type-page","status-publish","hentry"],"acf":[],"_links":{"self":[{"href":"https:\/\/screenwicklow.ie\/ga\/wp-json\/wp\/v2\/pages\/1083","targetHints":{"allow":["GET"]}}],"collection":[{"href":"https:\/\/screenwicklow.ie\/ga\/wp-json\/wp\/v2\/pages"}],"about":[{"href":"https:\/\/screenwicklow.ie\/ga\/wp-json\/wp\/v2\/types\/page"}],"author":[{"embeddable":true,"href":"https:\/\/screenwicklow.ie\/ga\/wp-json\/wp\/v2\/users\/1"}],"replies":[{"embeddable":true,"href":"https:\/\/screenwicklow.ie\/ga\/wp-json\/wp\/v2\/comments?post=1083"}],"version-history":[{"count":6,"href":"https:\/\/screenwicklow.ie\/ga\/wp-json\/wp\/v2\/pages\/1083\/revisions"}],"predecessor-version":[{"id":1482,"href":"https:\/\/screenwicklow.ie\/ga\/wp-json\/wp\/v2\/pages\/1083\/revisions\/1482"}],"up":[{"embeddable":true,"href":"https:\/\/screenwicklow.ie\/ga\/wp-json\/wp\/v2\/pages\/1097"}],"wp:attachment":[{"href":"https:\/\/screenwicklow.ie\/ga\/wp-json\/wp\/v2\/media?parent=1083"}],"curies":[{"name":"wp","href":"https:\/\/api.w.org\/{rel}","templated":true}]}}